{"id":6,"date":"2021-10-02T15:16:26","date_gmt":"2021-10-02T13:16:26","guid":{"rendered":"http:\/\/www.autorimessapalace.com\/public\/?page_id=6"},"modified":"2025-12-25T08:32:44","modified_gmt":"2025-12-25T07:32:44","slug":"home","status":"publish","type":"page","link":"https:\/\/www.autorimessapalace.com\/","title":{"rendered":"Home"},"content":{"rendered":"\n<p class=\"has-text-align-center has-black-color has-luminous-vivid-orange-background-color has-text-color has-background has-link-color has-x-large-font-size wp-elements-74586650fb9e5847f89bc798b4ff24ef\" style=\"font-style:italic;font-weight:1000\"><a href=\"https:\/\/www.parkingmycar.it\/\" data-type=\"link\" data-id=\"https:\/\/www.parkingmycar.it\/\">Prenota Ora Il Tuo Parcheggio<\/a><\/p>\n\n\n\n<div class=\"wp-block-columns is-layout-flex wp-container-core-columns-is-layout-9d6595d7 wp-block-columns-is-layout-flex\">\n<div class=\"wp-block-column is-vertically-aligned-center is-layout-flow wp-block-column-is-layout-flow\" style=\"flex-basis:100%\"><div class=\"wp-block-image is-resized\">\n<figure class=\"aligncenter size-full\"><img loading=\"lazy\" decoding=\"async\" width=\"330\" height=\"240\" src=\"http:\/\/www.autorimessapalace.com\/public\/wp-content\/uploads\/2021\/10\/5.jpg\" alt=\"\" class=\"wp-image-189\" srcset=\"https:\/\/www.autorimessapalace.com\/public\/wp-content\/uploads\/2021\/10\/5.jpg 330w, https:\/\/www.autorimessapalace.com\/public\/wp-content\/uploads\/2021\/10\/5-300x218.jpg 300w\" sizes=\"auto, (max-width: 330px) 100vw, 330px\" \/><\/figure>\n<\/div><\/div>\n<\/div>\n\n\n\n<p class=\"has-text-align-center has-vivid-red-color has-text-color has-link-color has-large-font-size wp-elements-51bf77e502996b172b52b92d5861468a\">GARAGE PALACE FIRENZE<\/p>\n\n\n\n<p class=\"has-text-align-center has-medium-font-size\">Vi accoglie con cortesia e professionalit\u00e0.<\/p>\n\n\n\n<p class=\"has-text-align-center has-vivid-red-color has-text-color has-link-color has-large-font-size wp-elements-51bf77e502996b172b52b92d5861468a\">GARAGE PALACE FIRENZE<\/p>\n\n\n\n<p class=\"has-text-align-center has-medium-font-size\"> Si trova al limite del centro storico, in una delle zone pi\u00f9 prestigiose di Firenze. Arrivarci \u00e9 facilissimo anche per chi non \u00e9 pratico della viabilit\u00e0 cittadina:  l&#8217;ingresso si trova in <strong>Via Benedetto Varchi<\/strong>, contrada di <strong>Via Masaccio<\/strong> parallela a <strong>Via Mazzini<\/strong>,&nbsp;che ha sbocco diretto sui viali di circonvallazione,&nbsp;all&#8217;altezza del <strong>Cimitero degli Inglesi<\/strong> .<\/p>\n\n\n<div class=\"wp-block-image\">\n<figure class=\"aligncenter size-full is-resized\"><img loading=\"lazy\" decoding=\"async\" width=\"571\" height=\"800\" src=\"https:\/\/www.autorimessapalace.com\/public\/wp-content\/uploads\/2025\/04\/IOL4YOU_1744623275311-1.jpg\" alt=\"\" class=\"wp-image-739\" style=\"width:840px;height:auto\" srcset=\"https:\/\/www.autorimessapalace.com\/public\/wp-content\/uploads\/2025\/04\/IOL4YOU_1744623275311-1.jpg 571w, https:\/\/www.autorimessapalace.com\/public\/wp-content\/uploads\/2025\/04\/IOL4YOU_1744623275311-1-214x300.jpg 214w\" sizes=\"auto, (max-width: 571px) 100vw, 571px\" \/><\/figure>\n<\/div>\n\n\n<p class=\"has-text-align-center has-vivid-red-color has-text-color has-link-color has-large-font-size wp-elements-7f0aca807cafe11ae91f2ba1ea758026\"> GARAGE PALACE FIRENZE<\/p>\n\n\n\n<p class=\"has-text-align-center has-medium-font-size\">E\u2019 uno dei pi\u00f9 <strong>antichi<\/strong> garage di Firenze, operativo dal 1960, aperto <strong>24 ore su 24<\/strong> tutti i giorni.<\/p>\n\n\n\n<p class=\"has-text-align-center has-vivid-red-color has-text-color has-link-color has-large-font-size wp-elements-7f0aca807cafe11ae91f2ba1ea758026\"> GARAGE PALACE FIRENZE<\/p>\n\n\n\n<p class=\"has-text-align-center has-medium-font-size\">Dispone di un servizio di <strong>autolavaggio<\/strong> interno.<\/p>\n\n\n<div class=\"wp-block-image\">\n<figure class=\"aligncenter size-full\"><img loading=\"lazy\" decoding=\"async\" width=\"1024\" height=\"788\" src=\"https:\/\/www.autorimessapalace.com\/public\/wp-content\/uploads\/2025\/04\/gp1.jpg\" alt=\"\" class=\"wp-image-737\" srcset=\"https:\/\/www.autorimessapalace.com\/public\/wp-content\/uploads\/2025\/04\/gp1.jpg 1024w, https:\/\/www.autorimessapalace.com\/public\/wp-content\/uploads\/2025\/04\/gp1-300x231.jpg 300w, https:\/\/www.autorimessapalace.com\/public\/wp-content\/uploads\/2025\/04\/gp1-768x591.jpg 768w\" sizes=\"auto, (max-width: 1024px) 100vw, 1024px\" \/><\/figure>\n<\/div>\n\n\n<p class=\"has-text-align-center has-luminous-vivid-amber-background-color has-text-color has-background has-link-color has-large-font-size wp-elements-3fa53265ebf8d9a44e3a193b8083e84f\" style=\"color:#4033c6;font-style:normal;font-weight:700;letter-spacing:0px\">NOVITA&#8217; 2025<\/p>\n\n\n\n<figure class=\"wp-block-table has-x-large-font-size\"><table class=\"has-text-color has-link-color\" style=\"color:#5b1d1d\"><tbody><tr><td class=\"has-text-align-center\" data-align=\"center\"><strong><mark style=\"background-color:rgba(0, 0, 0, 0)\" class=\"has-inline-color has-vivid-red-color\"><a href=\"http:\/\/WWW.firenzestorehouse.it\">A Firenze in Via Angelico lochiamo spazi di tutte le dimensioni, compreso box cantine o armadi blindati per deposito mobili e documenti.<\/a><\/mark><\/strong><\/td><\/tr><\/tbody><\/table><\/figure>\n","protected":false},"excerpt":{"rendered":"<p>Prenota Ora Il Tuo Parcheggio GARAGE PALACE FIRENZE Vi accoglie con cortesia e professionalit\u00e0. GARAGE PALACE FIRENZE Si trova al limite del centro storico, in una delle zone pi\u00f9 prestigiose di Firenze. Arrivarci \u00e9 facilissimo anche per chi non \u00e9 pratico della viabilit\u00e0 cittadina: l&#8217;ingresso si trova in Via Benedetto Varchi, contrada di Via Masaccio [&hellip;]<\/p>\n","protected":false},"author":1,"featured_media":0,"parent":0,"menu_order":0,"comment_status":"closed","ping_status":"closed","template":"page-templates\/full-width-page.php","meta":{"footnotes":""},"class_list":["post-6","page","type-page","status-publish","hentry"],"_links":{"self":[{"href":"https:\/\/www.autorimessapalace.com\/index.php?rest_route=\/wp\/v2\/pages\/6","targetHints":{"allow":["GET"]}}],"collection":[{"href":"https:\/\/www.autorimessapalace.com\/index.php?rest_route=\/wp\/v2\/pages"}],"about":[{"href":"https:\/\/www.autorimessapalace.com\/index.php?rest_route=\/wp\/v2\/types\/page"}],"author":[{"embeddable":true,"href":"https:\/\/www.autorimessapalace.com\/index.php?rest_route=\/wp\/v2\/users\/1"}],"replies":[{"embeddable":true,"href":"https:\/\/www.autorimessapalace.com\/index.php?rest_route=%2Fwp%2Fv2%2Fcomments&post=6"}],"version-history":[{"count":0,"href":"https:\/\/www.autorimessapalace.com\/index.php?rest_route=\/wp\/v2\/pages\/6\/revisions"}],"wp:attachment":[{"href":"https:\/\/www.autorimessapalace.com\/index.php?rest_route=%2Fwp%2Fv2%2Fmedia&parent=6"}],"curies":[{"name":"wp","href":"https:\/\/api.w.org\/{rel}","templated":true}]}}